{"id":482,"date":"2015-04-30T21:09:59","date_gmt":"2015-04-30T21:09:59","guid":{"rendered":"http:\/\/ready-for-feedback.com\/bd\/hampshire-college-ssims\/?page_id=482"},"modified":"2015-04-30T21:09:59","modified_gmt":"2015-04-30T21:09:59","slug":"harun-yahya","status":"publish","type":"page","link":"https:\/\/sites.hampshire.edu\/scienceandislamvideoportal\/harun-yahya\/","title":{"rendered":"Harun Yahya"},"content":{"rendered":"<p>&nbsp;<\/p>\n<p>Although Harun Yahya is often understood as a pseudonym for Adnan Oktar (pictured above), it is also commonly used for the group that produces a large volume of videos and web sites on topics related to his books, most notably\u00a0<em>Miracles of the Quran<\/em> and\u00a0<em>Atlas of Creation<\/em>. \u00a0Using the search function in the upper right of the Portal screen will give you all the Harun Yahya materials on the Portal.<\/p>\n<p class=\"p1\">The organization&#8217;s\u00a0main web site is<span class=\"Apple-converted-space\">\u00a0\u00a0<\/span><a href=\"http:\/\/www.harunyahya.com\" target=\"_blank\">www.harunyahya.com<\/a>. (And also .org and .net) \u00a0There is also a Turkish-only site with materials:<span class=\"Apple-converted-space\">\u00a0 <\/span><a href=\"http:\/\/harunyahya.tv\/\" target=\"_blank\">http:\/\/harunyahya.tv\/<\/a>. \u00a0Harun Yahya&#8217;s materials are also found on A9 TV.<\/p>\n<p class=\"p1\">One might note that these sites are not well visited. \u00a0The harunyahya.com site is ranked 211,805 overall (where small numbers are better) (<a href=\"http:\/\/www.alexa.com\" target=\"_blank\">Alexa.com<\/a>, accessed 6 May 2015), and is currently more popular in Indonesia (rank 19,717) and Pakistan (rank 20,160) than in Turkey (rank 26,433), although in terms of percentage of visitors, Indonesia is first with 13.2%, Turkey second with 11.1% and the United States is third with 10.6%. \u00a0However, visitors are spending an average of only 2.38 minutes on the site per day. \u00a0The Turkish site, harunyahya.tv, which receives nearly 77% of its viewers from Turkey, is ranked still lower, at 71,753 in Turkey, and visitors spend a mere 1.62 minutes on the site. \u00a0The Harun Yahya group also appears to control several key URLs, such a &#8220;miraclesofthequran.com&#8221; that are not among the sites Alexa names as being owned by the same organization.<\/p>\n<p class=\"p1\">Harun Yahya videos generally are of three distinct types. \u00a0The first type, from which the image above is taken, is a discussion on a topic with Adnan Oktar himself. \u00a0These videos\u00a0often have small &#8220;audiences&#8221; of garishly made up and clothed women included in the video. \u00a0(One should note that they are in no way typical of Turkish women.) \u00a0These women are rarely named. \u00a0The second type, generally older, have a speaker, often Oktar Babuna or an unnamed woman, talking about a specific topic. \u00a0These videos, usually 6 minutes or less, are often polemical, calling scientific work &#8220;fake&#8221;, for instance. \u00a0The third type is the most common,\u00a0consisting\u00a0of videos that seem more like standard documentaries with a voice over moving images; the length ranges from over an hour to around a minute. \u00a0These are frequently clipped and re-released. \u00a0They generally promote the ideas found in the Adnan Oktar&#8217;s books, and may\u00a0be readily identified by the background music and frequent re-use of images across the videos, even when the &#8220;HY&#8221; watermark is not present.<\/p>\n<p class=\"p1\">The distribution of Harun Yahya videos is exceptionally wide. \u00a0All the major video platforms (YouTube, Vimeo, DailyMotion, Tune.pk) have multiple copies of clips from the longer documentaries, apparently uploaded with the permission of the group. \u00a0Newer variants are more likely to have the HY notation in the upper right corner and be produced in higher resolutions.<\/p>\n<h4 class=\"p1\"><span class=\"s1\">Select Bibliography:<\/span><\/h4>\n<p class=\"p1\">Bigliardi, S. (2014). \u201cWho\u2019s Afraid of Theoscientography?<span class=\"Apple-converted-space\">\u00a0 <\/span>An Interpretive Hypothesis on Harun Yahya.\u201d <em><span class=\"s1\">Zygon:<span class=\"Apple-converted-space\">\u00a0 <\/span>Journal of Religion and Science<\/span><\/em> <b>49<\/b>(1): 66-80.<\/p>\n<p class=\"p1\">Solberg, A. R. (2013). <em><span class=\"s1\">The Mahdi Wears Armani:<span class=\"Apple-converted-space\">\u00a0 <\/span>An Analysis of the Harun Yahya Enterprise<\/span><\/em>. Stockholm, S\u00f6dert\u00f6rns h\u00f6gskola.<\/p>\n","protected":false},"excerpt":{"rendered":"<p>&nbsp; Although Harun Yahya is often understood as a pseudonym for Adnan Oktar (pictured above), it is also commonly used for the group that produces a large volume of videos<\/p>\n","protected":false},"author":1113,"featured_media":637,"parent":0,"menu_order":0,"comment_status":"open","ping_status":"open","template":"","meta":{"_monsterinsights_skip_tracking":false,"_monsterinsights_sitenote_active":false,"_monsterinsights_sitenote_note":"","_monsterinsights_sitenote_category":0,"footnotes":""},"class_list":["post-482","page","type-page","status-publish","has-post-thumbnail","hentry"],"acf":[],"yoast_head":"<!-- This site is optimized with the Yoast SEO plugin v20.8 - https:\/\/yoast.com\/wordpress\/plugins\/seo\/ -->\n<title>Harun Yahya - Science &amp; Islam Video Portal<\/title>\n<meta name=\"description\" content=\"A brief description of the group whose focus is the thought of Adnan Oktar.\" \/>\n<meta name=\"robots\" content=\"noindex, follow, max-snippet:-1, max-image-preview:large, max-video-preview:-1\" \/>\n<meta property=\"og:locale\" content=\"en_US\" \/>\n<meta property=\"og:type\" content=\"article\" \/>\n<meta property=\"og:title\" content=\"Harun Yahya - Science &amp; Islam Video Portal\" \/>\n<meta property=\"og:description\" content=\"A brief description of the group whose focus is the thought of Adnan Oktar.\" \/>\n<meta property=\"og:url\" content=\"https:\/\/sites.hampshire.edu\/scienceandislamvideoportal\/harun-yahya\/\" \/>\n<meta property=\"og:site_name\" content=\"Science and Islam Video Portal\" \/>\n<meta property=\"og:image\" content=\"https:\/\/sites.hampshire.edu\/scienceandislamvideoportal\/files\/2015\/04\/YQTbqCi5aLc.jpg\" \/>\n\t<meta property=\"og:image:width\" content=\"456\" \/>\n\t<meta property=\"og:image:height\" content=\"355\" \/>\n\t<meta property=\"og:image:type\" content=\"image\/jpeg\" \/>\n<meta name=\"twitter:card\" content=\"summary_large_image\" \/>\n<meta name=\"twitter:label1\" content=\"Est. reading time\" \/>\n\t<meta name=\"twitter:data1\" content=\"3 minutes\" \/>\n<script type=\"application\/ld+json\" class=\"yoast-schema-graph\">{\"@context\":\"https:\/\/schema.org\",\"@graph\":[{\"@type\":\"WebPage\",\"@id\":\"https:\/\/sites.hampshire.edu\/scienceandislamvideoportal\/harun-yahya\/\",\"url\":\"https:\/\/sites.hampshire.edu\/scienceandislamvideoportal\/harun-yahya\/\",\"name\":\"Harun Yahya - Science & Islam Video Portal\",\"isPartOf\":{\"@id\":\"https:\/\/sites.hampshire.edu\/scienceandislamvideoportal\/#website\"},\"datePublished\":\"2015-04-30T21:09:59+00:00\",\"dateModified\":\"2015-04-30T21:09:59+00:00\",\"description\":\"A brief description of the group whose focus is the thought of Adnan Oktar.\",\"breadcrumb\":{\"@id\":\"https:\/\/sites.hampshire.edu\/scienceandislamvideoportal\/harun-yahya\/#breadcrumb\"},\"inLanguage\":\"en-US\",\"potentialAction\":[{\"@type\":\"ReadAction\",\"target\":[\"https:\/\/sites.hampshire.edu\/scienceandislamvideoportal\/harun-yahya\/\"]}]},{\"@type\":\"BreadcrumbList\",\"@id\":\"https:\/\/sites.hampshire.edu\/scienceandislamvideoportal\/harun-yahya\/#breadcrumb\",\"itemListElement\":[{\"@type\":\"ListItem\",\"position\":1,\"name\":\"Home\",\"item\":\"https:\/\/sites.hampshire.edu\/scienceandislamvideoportal\/\"},{\"@type\":\"ListItem\",\"position\":2,\"name\":\"Harun Yahya\"}]},{\"@type\":\"WebSite\",\"@id\":\"https:\/\/sites.hampshire.edu\/scienceandislamvideoportal\/#website\",\"url\":\"https:\/\/sites.hampshire.edu\/scienceandislamvideoportal\/\",\"name\":\"Science and Islam Video Portal\",\"description\":\"Evaluations of internet videos on science and Islam.\",\"potentialAction\":[{\"@type\":\"SearchAction\",\"target\":{\"@type\":\"EntryPoint\",\"urlTemplate\":\"https:\/\/sites.hampshire.edu\/scienceandislamvideoportal\/?s={search_term_string}\"},\"query-input\":\"required name=search_term_string\"}],\"inLanguage\":\"en-US\"}]}<\/script>\n<!-- \/ Yoast SEO plugin. -->","yoast_head_json":{"title":"Harun Yahya - Science & Islam Video Portal","description":"A brief description of the group whose focus is the thought of Adnan Oktar.","robots":{"index":"noindex","follow":"follow","max-snippet":"max-snippet:-1","max-image-preview":"max-image-preview:large","max-video-preview":"max-video-preview:-1"},"og_locale":"en_US","og_type":"article","og_title":"Harun Yahya - Science & Islam Video Portal","og_description":"A brief description of the group whose focus is the thought of Adnan Oktar.","og_url":"https:\/\/sites.hampshire.edu\/scienceandislamvideoportal\/harun-yahya\/","og_site_name":"Science and Islam Video Portal","og_image":[{"width":456,"height":355,"url":"https:\/\/sites.hampshire.edu\/scienceandislamvideoportal\/files\/2015\/04\/YQTbqCi5aLc.jpg","type":"image\/jpeg"}],"twitter_card":"summary_large_image","twitter_misc":{"Est. reading time":"3 minutes"},"schema":{"@context":"https:\/\/schema.org","@graph":[{"@type":"WebPage","@id":"https:\/\/sites.hampshire.edu\/scienceandislamvideoportal\/harun-yahya\/","url":"https:\/\/sites.hampshire.edu\/scienceandislamvideoportal\/harun-yahya\/","name":"Harun Yahya - Science & Islam Video Portal","isPartOf":{"@id":"https:\/\/sites.hampshire.edu\/scienceandislamvideoportal\/#website"},"datePublished":"2015-04-30T21:09:59+00:00","dateModified":"2015-04-30T21:09:59+00:00","description":"A brief description of the group whose focus is the thought of Adnan Oktar.","breadcrumb":{"@id":"https:\/\/sites.hampshire.edu\/scienceandislamvideoportal\/harun-yahya\/#breadcrumb"},"inLanguage":"en-US","potentialAction":[{"@type":"ReadAction","target":["https:\/\/sites.hampshire.edu\/scienceandislamvideoportal\/harun-yahya\/"]}]},{"@type":"BreadcrumbList","@id":"https:\/\/sites.hampshire.edu\/scienceandislamvideoportal\/harun-yahya\/#breadcrumb","itemListElement":[{"@type":"ListItem","position":1,"name":"Home","item":"https:\/\/sites.hampshire.edu\/scienceandislamvideoportal\/"},{"@type":"ListItem","position":2,"name":"Harun Yahya"}]},{"@type":"WebSite","@id":"https:\/\/sites.hampshire.edu\/scienceandislamvideoportal\/#website","url":"https:\/\/sites.hampshire.edu\/scienceandislamvideoportal\/","name":"Science and Islam Video Portal","description":"Evaluations of internet videos on science and Islam.","potentialAction":[{"@type":"SearchAction","target":{"@type":"EntryPoint","urlTemplate":"https:\/\/sites.hampshire.edu\/scienceandislamvideoportal\/?s={search_term_string}"},"query-input":"required name=search_term_string"}],"inLanguage":"en-US"}]}},"_links":{"self":[{"href":"https:\/\/sites.hampshire.edu\/scienceandislamvideoportal\/wp-json\/wp\/v2\/pages\/482"}],"collection":[{"href":"https:\/\/sites.hampshire.edu\/scienceandislamvideoportal\/wp-json\/wp\/v2\/pages"}],"about":[{"href":"https:\/\/sites.hampshire.edu\/scienceandislamvideoportal\/wp-json\/wp\/v2\/types\/page"}],"author":[{"embeddable":true,"href":"https:\/\/sites.hampshire.edu\/scienceandislamvideoportal\/wp-json\/wp\/v2\/users\/1113"}],"replies":[{"embeddable":true,"href":"https:\/\/sites.hampshire.edu\/scienceandislamvideoportal\/wp-json\/wp\/v2\/comments?post=482"}],"version-history":[{"count":0,"href":"https:\/\/sites.hampshire.edu\/scienceandislamvideoportal\/wp-json\/wp\/v2\/pages\/482\/revisions"}],"wp:featuredmedia":[{"embeddable":true,"href":"https:\/\/sites.hampshire.edu\/scienceandislamvideoportal\/wp-json\/wp\/v2\/media\/637"}],"wp:attachment":[{"href":"https:\/\/sites.hampshire.edu\/scienceandislamvideoportal\/wp-json\/wp\/v2\/media?parent=482"}],"curies":[{"name":"wp","href":"https:\/\/api.w.org\/{rel}","templated":true}]}}