{"id":59,"date":"2013-01-15T18:36:02","date_gmt":"2013-01-15T18:36:02","guid":{"rendered":"http:\/\/sites.hampshire.edu\/jwallen\/?page_id=59"},"modified":"2025-10-29T11:58:14","modified_gmt":"2025-10-29T11:58:14","slug":"research","status":"publish","type":"page","link":"https:\/\/sites.hampshire.edu\/jwallen\/research\/","title":{"rendered":"Research"},"content":{"rendered":"<p><b>PUBLICATIONS:<\/b><a href=\"http:\/\/sites.hampshire.edu\/jwallen\/files\/2012\/12\/Untitled-1.jpg\"><img loading=\"lazy\" decoding=\"async\" class=\" wp-image-44 alignright\" src=\"http:\/\/sites.hampshire.edu\/jwallen\/files\/2012\/12\/Untitled-1-252x300.jpg\" alt=\"Closed Encounters\" width=\"157\" height=\"147\" \/><\/a><\/p>\n<p><b>Books:<\/b>\u00a0 <i>Closed En<\/i><i>counters: Literary Politics and Public Culture<\/i>, Minneapolis: University of Minnesota Press, 1998<\/p>\n<p><b>Articles:<\/b><\/p>\n<p>&#8220;Learning from Handkerchiefs,&#8221; co-authored with Aubrey Pomerance, <em>M\u00e9moires en Jeu<\/em> 22 (2025): 101-111<\/p>\n<p>&#8220;The Lure of the Archive: The Atlas Project of Walid Raad,\u201d in <em>Productive Archiving: Artistic <\/em><em>Strategies, Future Memories, and Fluid Identities<\/em>, ed. Ernest van Alphen, Amsterdam: Valiz, 2023, 48-57<\/p>\n<p>&#8220;Au Seuil, entre la vie et la morte,&#8221; in <em>Traces de vie \u00e0 Auschwitz: Un Manuscript clandestin<\/em>, ed. Philippe Mesnard, Paris: Bord de l\u2019eau, 2022, 71-82<\/p>\n<p>&#8220;Facing the <em>Sonderkommando<\/em>: <em>Son of Saul<\/em> and the Dynamics of Witnessing,&#8221; <em>Holocaust <\/em><em>Studies: A Journal of Culture and History<\/em>, https:\/\/www.tandfonline.com\/eprint\/MJJEN42IVGN27MV2ZEQ3\/full?target=10.1080\/17504902.2019.1637502<\/p>\n<p>&#8220;Circuitous Journeys: The Migration of Objects and the Trusteeship of Memory,&#8221; co-authored with Aubrey Pomerance, in <em>Objects of War: The Material Culture of Conflict and <\/em><em>Displacement<\/em>, eds. Leora Auslander and Tara Zahra, Cornell: Cornell UP, 2018, 248-276<\/p>\n<p>&#8220;The Witness Against the Archive: Towards a Microhistory of Christianstadt,&#8221; in <em>Microhistory of the Holocaust<\/em>, eds. Tal Bruttmann and Claire Zalc, Oxford: Berghahn, 2017, 300-314<\/p>\n<p>&#8220;Beckett in Times of Crisis,&#8221; A review of Lance Duerfahrd, <em>The Work of Poverty: Samuel Beckett&#8217;s Vagabonds and the Theater of Crisis<\/em>, in <em>Postmodern Culture <\/em>24:2 (2014):\u00a0\u00a0 <a href=\"https:\/\/muse.jhu.edu\/journals\/postmodern_culture\/v024\/24.2.wallen.html\" target=\"_blank\" rel=\"noopener noreferrer\">https:\/\/muse.jhu.edu\/journals\/postmodern_culture\/v024\/24.2.wallen.html<\/a><\/p>\n<p>&#8220;Testimony and Taboo: The Perverse Writings of Ka-Tzetnik 135633,&#8221; <i>Dapim: Studies on the Holocaust<\/i>, 28.1 (2014): 1-16<br \/>\n<a href=\"http:\/\/www.tandfonline.com\/eprint\/D9GpW8giMRwraDTI3asZ\/full\">http:\/\/www.tandfonline.com\/eprint\/D9GpW8giMRwraDTI3asZ\/full<\/a><\/p>\n<p>&#8220;The Lure of the Archive: The Atlas Projects of Walid Raad,&#8221; <i>Comparative Critical Studies<\/i>, 8.2-3 (2011): 277-93 <a href=\"http:\/\/sites.hampshire.edu\/jwallen\/files\/2014\/04\/Lure-of-the-Archive.pdf\">Lure of the Archive<\/a><\/p>\n<p>&#8220;Twemlow&#8217;s Abyss,&#8221; <i>Partial Answers<\/i> 9.2 (2011): 391-403<\/p>\n<p>&#8220;Migrant Visions: The Scheunenviertel and Boyle Heights, Los Angeles,&#8221; in <i>Transit und Transformation<\/i>, ed. Verena Dohrn, G\u00f6ttingen, Germany: Wallstein Verlag, 2010, 320-35 <a href=\"http:\/\/sites.hampshire.edu\/jwallen\/files\/2014\/04\/Migrant-Visions.pdf\">Migrant Visions<\/a><\/p>\n<p>&#8220;Falling Under an Evil Influence,&#8221; in <i>Promoting and Producing Evil<\/i>, ed. Nancy Billas, New York: Rodopi, 2010, 67-93<\/p>\n<p>&#8220;Narrative Tensions: The Eyewitness and the Archive,&#8221; <i>Partial Answers<\/i> 7.2 (2009): 261-278 <a href=\"http:\/\/sites.hampshire.edu\/jwallen\/files\/2013\/01\/Narrative-Tensions.pdf\">Download (pdf) <\/a><\/p>\n<p>&#8220;The Death and Discontents of Theory,&#8221; in <i>Framing Theory&#8217;s Empire<\/i>, ed. John Holbo, West Lafayette, IN: Parlor Press, 2007, 133-136<\/p>\n<p>&#8220;<i>Sociable Robots <\/i>und das Posthumane,&#8221; in <i>Geschlechter-Revisionen: zur Zukunft von Feminismus und Gender Studies in den Kultur- und Literaturwissenschaften<\/i>, eds. Sabine Lucia M\u00fcller and Sabine Sch\u00fclting, K\u00f6nigstein, Germany: Ulrike Helmer Verlag, 2006, 165-189 <a href=\"http:\/\/sites.hampshire.edu\/jwallen\/files\/2013\/01\/Wallen-Sociable-Robots.pdf\">Download<\/a><\/p>\n<p>&#8220;From the Archives,&#8221; co-written with Arnold Dreyblatt, in <i>Sign Here!: Handwriting in the Age of New Media, <\/i>ed. Sonja Neef, Amsterdam: Amsterdam University Press, 2006, 134-149 <a href=\"http:\/\/sites.hampshire.edu\/jwallen\/files\/2013\/01\/NeefHand.pdf\">Download (pdf)<\/a><\/p>\n<p>&#8220;Criticism as Displacement,&#8221; in <i>Theory&#8217;s Others: An Anthology of Dissent, <\/i>eds. Daphne Patai and Will Corral, New York: Columbia Univ. Press, 2005, 476-490<\/p>\n<p>&#8220;Arnold Dreyblatt&#8217;s T Projekte,&#8221; in <i>Inschriften: Arnold Dreyblatt<\/i>, Frankfurt: Museum Judengasse, 2005, 17-22<\/p>\n<p>&#8220;We Really Do Not Know How to Disagree with Each Other,&#8221; part of &#8220;Symposium: Teaching the Conflicts at 20 Years,&#8221; <i>Pedagogy<\/i> 3.2 (2003): 253-56<\/p>\n<p>&#8220;Reste und erhaltene Spuren,&#8221; in <i>Arnold Dreyblatt: Aus den Archiven<\/i>, Heidelberg: Kehrer Verlag, 2003: 98-100.<\/p>\n<p>&#8220;Physiology, Mesmerism, and Walter Pater&#8217;s &#8216;susceptibilities to influence,&#8221; in <i>Walter Pater: Transparencies of Desire,<\/i> eds. Laurel Brake, Leslie Higgins, and Carolyn Williams, Greensboro, NC: ELT Press, 2002, 73-93<\/p>\n<p>&#8220;Professional Discord,&#8221; <i>College English<\/i> 64.3 (2002): 84-95<\/p>\n<p>&#8220;Alive in the Grave: Walter Pater&#8217;s Renaissance,&#8221; <i>ELH<\/i> 66 (1999): 1033-1051<\/p>\n<p>&#8220;Knowing Better: Cultural Criticism, and the Pedagogical Imperative in the 1990s,&#8221; co-authored with Richard Burt, <i>Diacritics <\/i>29.1 (1999): 72-91<\/p>\n<p>&#8220;Memory Arena,&#8221; http:\/\/www.dreyblatt.de, 1998<\/p>\n<p>&#8220;The Poverty of Conversation,&#8221; <i>The Yale Journal of Criticism<\/i> 9 (1996): 405-19<\/p>\n<p>&#8220;Teachers, Not Advocates: Towards an Open Classroom,&#8221; in <i>Advocacy in the Classroom: Propaganda versus Enlightenment<\/i>, edited by Patricia Meyer Spacks and Phyllis Franklin, New York: St. Martin&#8217;s Press, 1996, 224-31<\/p>\n<p>&#8220;Nachwort&#8221; in <i>Who&#8217;s Who in Central and Eastern Europe 1933<\/i>, by Arnold Dreyblatt, Berlin: Janus Press, 1995, 228-230<\/p>\n<p>&#8220;Between Text and Image: The Literary Portrait,&#8221; <i>a\/b: Auto\/biography Studies<\/i> 10 (1995): 50-65<\/p>\n<p>&#8220;Political Correctness: The Revenge of the Liberals&#8221; in <i>The Administration\u00a0 of the Aesthetic: Censorship, Political Criticism, and the Public Sphere<\/i>, ed. Richard Burt, Minneapolis: University of Minnesota Press, 1994, 340-369<\/p>\n<p>Illustrating <i>Salome<\/i>: Perverting the Text?&#8221; <i>Word &amp; Image<\/i> 8 (1992): 124-32<\/p>\n<p>&#8220;Reflection and Self\u2011Reflection:\u00a0Narcissistic or Aesthetic Criticism?&#8221; <i>Texas Studies in Language and Literature<\/i> 34 (1992): 300-22<\/p>\n<p>&#8220;The End of Illusion in <i>L&#8217;Eve future<\/i>,&#8221; in <i>Modernity and Revolution in Late Nineteenth-Century France<\/i>, eds. Barbara T. Cooper, Newark, Del.: University of Delaware Press, 1992, 34-40<\/p>\n<p>&#8220;<i>Salammb\u00f4<\/i> and the Resistance of the Aesthetic,&#8221; <i>Romance Notes<\/i> 30 (1990):\u00a0237\u201145<\/p>\n<p>&#8220;On Pater&#8217;s Use and Abuse of Quotation,&#8221; <i>The Arnoldian<\/i> 14 (1987): 1\u201120<\/p>\n<p>&nbsp;<\/p>\n","protected":false},"excerpt":{"rendered":"<p>PUBLICATIONS: Books:\u00a0 Closed Encounters: Literary Politics and Public Culture, Minneapolis: University of Minnesota Press, 1998 Articles: &#8220;Learning from Handkerchiefs,&#8221; co-authored with Aubrey Pomerance, M\u00e9moires en Jeu 22 (2025): 101-111 &#8220;The Lure of the Archive: The Atlas Project of Walid Raad,\u201d in Productive Archiving: Artistic Strategies, Future Memories, and Fluid Identities, ed. Ernest van Alphen, Amsterdam: [&hellip;]<\/p>\n","protected":false},"author":125,"featured_media":0,"parent":0,"menu_order":1,"comment_status":"closed","ping_status":"open","template":"","meta":{"_monsterinsights_skip_tracking":false,"_monsterinsights_sitenote_active":false,"_monsterinsights_sitenote_note":"","_monsterinsights_sitenote_category":0,"footnotes":""},"class_list":["post-59","page","type-page","status-publish","hentry"],"_links":{"self":[{"href":"https:\/\/sites.hampshire.edu\/jwallen\/wp-json\/wp\/v2\/pages\/59"}],"collection":[{"href":"https:\/\/sites.hampshire.edu\/jwallen\/wp-json\/wp\/v2\/pages"}],"about":[{"href":"https:\/\/sites.hampshire.edu\/jwallen\/wp-json\/wp\/v2\/types\/page"}],"author":[{"embeddable":true,"href":"https:\/\/sites.hampshire.edu\/jwallen\/wp-json\/wp\/v2\/users\/125"}],"replies":[{"embeddable":true,"href":"https:\/\/sites.hampshire.edu\/jwallen\/wp-json\/wp\/v2\/comments?post=59"}],"version-history":[{"count":43,"href":"https:\/\/sites.hampshire.edu\/jwallen\/wp-json\/wp\/v2\/pages\/59\/revisions"}],"predecessor-version":[{"id":297,"href":"https:\/\/sites.hampshire.edu\/jwallen\/wp-json\/wp\/v2\/pages\/59\/revisions\/297"}],"wp:attachment":[{"href":"https:\/\/sites.hampshire.edu\/jwallen\/wp-json\/wp\/v2\/media?parent=59"}],"curies":[{"name":"wp","href":"https:\/\/api.w.org\/{rel}","templated":true}]}}