{"id":456,"date":"2013-06-05T16:28:08","date_gmt":"2013-06-05T16:28:08","guid":{"rendered":"http:\/\/sites.hampshire.edu\/hap\/?page_id=456"},"modified":"2020-01-28T13:38:26","modified_gmt":"2020-01-28T13:38:26","slug":"reconocimiento-2","status":"publish","type":"page","link":"https:\/\/sites.hampshire.edu\/hap\/acknowledgements\/reconocimiento-2\/","title":{"rendered":"Reconocimiento"},"content":{"rendered":"<p><strong>Proyecto del Archivo de la Habana:\u00a0 <\/strong><strong>Colecci\u00f3n<\/strong><strong> de Rafael Rojas Hurtado de Mendoza<\/strong><\/p>\n<p><strong>Organizaciones Patrocinadoras:<\/strong> Plan Maestro para la Revitalizaci\u00f3n Integral de La Habana Vieja, Officina del Historiador, La Habana, Cuba y el Programa de Estudioes en el Extranjero de Hampshire College en La Habana, Cuba.<\/p>\n<p><strong>Director del <\/strong><strong>Plan Maestro para la Revitalizaci\u00f3n Integral de La Habana Vieja:\u00a0 <\/strong>Dr. Arq. Patricia Rodr\u00edguez Alom\u00e1, La Habana, Cuba.<\/p>\n<p><strong>Director del Proyecto:<\/strong>\u00a0 Jacqueline Hayden, Profesora de Cine y Fototgraf\u00eda, Hampshire College, Amherst, MA, (EE.UU.)<\/p>\n<p><strong>Archivista Fotogr\u00e1fico:<\/strong>\u00a0 Guillermo J. Ortiz-Palacios, Bachillerato en Artes,Hampshire College, Amherst, MA, (EE.UU.) 2011.<\/p>\n<p><strong>Especialista en Sistema de Informaci\u00f3n Territorial<\/strong><strong>:<\/strong> Alina Gonz\u00e1lez Viera, Plan Maestro, La Habana, Cuba.<\/p>\n<p><strong>Investigaci\u00f3n de Metadatos y Colaborador Bibliotecaria Digital:<\/strong> In\u00e9s Arrubla<\/p>\n<p><strong>Bibliotecarios y archiveros:<\/strong> Rachel Beckwith, Jessica C. Neal, Jennifer King, y Emily Moran, Hampshire College, Amherst, MA (EE. UU.)<\/p>\n<p><strong>Servicios de informaci\u00f3n y tecnolog\u00eda de la biblioteca:<\/strong> Rachel Leach y Shaun Trujillo, Mount Holyoke College, So. Hadley, MA (EE. UU.)<\/p>\n<p><strong>Fot\u00f3grafos<\/strong>: \u00a0\u00a0an\u00f3nimo, desde Instituto Cubano de Geodesia y Cartograf\u00eda, La Habana, Cuba.<\/p>\n<p><strong>Fotograf\u00edas originales, nombre y ubicaci\u00f3n en Cuba<\/strong><\/p>\n<p>La colecci\u00f3n recibe su nombre en memoria de Rafael Rojas Hurtado de Mendoza, anterior Director del Plan Maestro desde 1998 &#8211; 2003, quien fuera el promotor de este importante proyecto. \u00a0Actualmente su directora es la Dra. Arq. Patricia Rodr\u00edguez Alom\u00e1, que apoy\u00f3 plenamente el desarrollo del achivo digital como un Proyecto de colaboraci\u00f3n con Hampshire College. Los originales 9000 art\u00edculos fotogr\u00e1ficos de la colecci\u00f3n de Rafael Rojas Hurtado de Mendoza, \u00a0se encuentran en la Fototeca Hist\u00f3rica del Colegio San Ger\u00f3nimo perteneciente a la Subdirecci\u00f3n de Patrimonio de la Oficina del Historiador, que se encuentra en el Edificio Santo Domingo, sito en Obispo 160 entre Mercaderes y San Ignacio, La Habana Vieja, La Habana, Cuba<\/p>\n<p><strong>Patrocinio Financiado:<\/strong>\u00a0 Fundaci\u00f3n Graham para Estudios Avanzados en Bellas Artes; Proyecto de Materiales para Am\u00e9rica Latina del Centro para Bibliotecas de Investigaci\u00f3n y Hampshire College, Amherst, MA (EE.UU.)<\/p>\n<p>&nbsp;<\/p>\n<p>&nbsp;<\/p>\n<p>&nbsp;<\/p>\n","protected":false},"excerpt":{"rendered":"<p>Proyecto del Archivo de la Habana:\u00a0 Colecci\u00f3n de Rafael Rojas Hurtado de Mendoza Organizaciones Patrocinadoras: Plan Maestro para la Revitalizaci\u00f3n Integral de La Habana Vieja, Officina del Historiador, La Habana, Cuba y el Programa de Estudioes en el Extranjero de Hampshire College en La Habana, Cuba. Director del Plan Maestro para la Revitalizaci\u00f3n Integral de [&hellip;]<\/p>\n","protected":false},"author":619,"featured_media":0,"parent":2,"menu_order":0,"comment_status":"closed","ping_status":"open","template":"","meta":{"footnotes":""},"class_list":["post-456","page","type-page","status-publish","hentry"],"_links":{"self":[{"href":"https:\/\/sites.hampshire.edu\/hap\/wp-json\/wp\/v2\/pages\/456"}],"collection":[{"href":"https:\/\/sites.hampshire.edu\/hap\/wp-json\/wp\/v2\/pages"}],"about":[{"href":"https:\/\/sites.hampshire.edu\/hap\/wp-json\/wp\/v2\/types\/page"}],"author":[{"embeddable":true,"href":"https:\/\/sites.hampshire.edu\/hap\/wp-json\/wp\/v2\/users\/619"}],"replies":[{"embeddable":true,"href":"https:\/\/sites.hampshire.edu\/hap\/wp-json\/wp\/v2\/comments?post=456"}],"version-history":[{"count":8,"href":"https:\/\/sites.hampshire.edu\/hap\/wp-json\/wp\/v2\/pages\/456\/revisions"}],"predecessor-version":[{"id":612,"href":"https:\/\/sites.hampshire.edu\/hap\/wp-json\/wp\/v2\/pages\/456\/revisions\/612"}],"up":[{"embeddable":true,"href":"https:\/\/sites.hampshire.edu\/hap\/wp-json\/wp\/v2\/pages\/2"}],"wp:attachment":[{"href":"https:\/\/sites.hampshire.edu\/hap\/wp-json\/wp\/v2\/media?parent=456"}],"curies":[{"name":"wp","href":"https:\/\/api.w.org\/{rel}","templated":true}]}}