{"id":210,"date":"2013-06-03T16:30:55","date_gmt":"2013-06-03T16:30:55","guid":{"rendered":"http:\/\/sites.hampshire.edu\/hap\/?page_id=210"},"modified":"2020-02-04T22:35:17","modified_gmt":"2020-02-04T22:35:17","slug":"historia","status":"publish","type":"page","link":"https:\/\/sites.hampshire.edu\/hap\/history\/historia\/","title":{"rendered":"Historia"},"content":{"rendered":"<p><strong>Historia arquitect\u00f3nica de <\/strong><strong>La<\/strong><strong> Habana: <\/strong><\/p>\n<p><strong>\u00a0<\/strong>Fundada en 1519 por Espa\u00f1a, La Habana colonial fue declarada patrimonio de la humanidad por la UNESCO en 1982. La ciudad alberga estilos arquitect\u00f3nicos atesorados durante casi cinco siglos que incluyen colonial, barroco, neocl\u00e1sico, art nouveau, art deco, ecl\u00e9ctico y modernista. A pesar de la riqueza historia de su arquitectura y urban\u00edstica, la infraestructura de la capital cubana se ha visto afectada desde la \u00faltima parte del siglo XIX. La Oficina del Historiador de la Ciudad de La Habana ha estado trabajando diligentemente en la restauraci\u00f3n y reconstrucci\u00f3n del centro hist\u00f3rico de la ciudad desde 1981.<\/p>\n<p><strong>G\u00e9nesis<\/strong><strong> del Proyecto del Archivo<\/strong><strong> Fotogr\u00e1fico Digital<\/strong><strong> de La Habana<\/strong><strong> Vieja<\/strong><strong>: <\/strong><\/p>\n<p>La Oficina del Plan Maestro se fund\u00f3 en 1994 como la instituci\u00f3n rectora de planificaci\u00f3n de la Oficina del Historiador. Su objetivo era crear un plan integral de renovaci\u00f3n, conservaci\u00f3n y documentaci\u00f3n visual del Centro Hist\u00f3rico. La &#8220;Habana Vieja&#8221; fue declarada Patrimonio de la Humanidad por la UNESCO en 1982. El Centro Hist\u00f3rico, considerado como de alta densidad poblacional, abarca 4.4 kil\u00f3metros cuadrados (1.7 millas cuadradas) y est\u00e1 integrado por edificios de los siglos XVI al XIX, con calles estrechas de 5,8 m (19 pies) de ancho. La altura promedio de los edificios es de 4.6 a 5.5 m (15 a 18 pies) por piso. Un t\u00edpico edificio colonial de tres plantas tiene una altura de 13.7 a 16.5 m (45-54 pies).<\/p>\n<p>En 2012, Hampshire College, bajo la coordinaci\u00f3n de la profesora Jacqueline Hayden, inici\u00f3 el proyecto del archivo fotogr\u00e1fico digital de La Habana Vieja conjuntamente con la Oficina del Plan Maestro. El archivo integrar\u00eda parte de la colecci\u00f3n de im\u00e1genes fotogr\u00e1ficas de 1055 edificios significativos del Centro Hist\u00f3rico de La Habana tomadas en 1980 por personal del Instituto Cubano de Geodesia y Cartograf\u00eda seg\u00fan especificaciones del Dr. Eusebio Leal, Director de la Oficina del Historiador. La profesora Hayden y el alumno de Hampshire College Guillermo Ortiz-Palacios y la especialista en Sistemas de Informaci\u00f3n Territorial del Plan Maestro, Alina Gonz\u00e1lez Viera, organizaron y supervisaron el escaneo del material fotogr\u00e1fico, siguiendo los par\u00e1metros para formatos de archivo estipulados por la Biblioteca del Congreso. Los fot\u00f3grafos del Instituto Cubano de Geodesia y Cartograf\u00eda obtuvieron 4,722 negativos, aproximadamente el 80% de los cuales eran placas de vidrio de 5&#8243;x7&#8243;, mientras que el 20% restante eran negativos de pel\u00edcula de 5&#8243;x7&#8243; as\u00ed como 4722 impresiones en papel con medidas y anotaciones originales dibujadas directamente sobre los mismos y que forman parte integrante del registro visual de las obras de restauraci\u00f3n de la ciudad vieja. Muchos de los negativos se estaban deteriorando debido a la falta de almacenamiento adecuado, al exceso de humedad y al deterioro qu\u00edmico. Algunos de los edificios fotografiados en los a\u00f1os 80 ya no existen. Por ejemplo, dos de ellos fueron demolidos para construir la nueva Iglesia Ortodoxa Rusa.<\/p>\n<p><strong>M\u00e9todos de escaneo \/ Control de calidad<\/strong><strong>\u00a0<\/strong>\u2022 Los negativos de 5&#8243;x 7&#8243; se escanearon a 1200 ppp para obtener archivos TIFF sin comprimir de 280 MB en un espacio de color RGB en 48 bits. Las im\u00e1genes escaneadas superan las pautas de digitalizaci\u00f3n de 2000 p\u00edxeles en el lado largo de la imagen, es decir, las dimensiones son 5909 x 8062 p\u00edxeles establecidas por las agencias federales. Nos decidimos por escaneos de mayor resoluci\u00f3n porque nuestras pruebas revelaron que con un aumento del 100% de los archivos de 1200 ppp se ofrec\u00edan detalles significativamente m\u00e1s minuciosos de las fachadas de los edificios que pensamos sean de inter\u00e9s para futuras investigaciones.\u00a0\u2022 Las impresiones fotogr\u00e1ficas con marcas de fotogrametr\u00eda visibles en edificios con mediciones realizadas por ingenieros y anotaciones arquitect\u00f3nicas dibujadas directamente en las impresiones de contacto, se escanearon de acuerdo con las directrices t\u00e9cnicas de digitalizaci\u00f3n de material patrimonial-cultural a 570 ppp en fotos de 5&#8243;x 7&#8243; en 48 bit RGB, y archivos TIFF sin comprimir (4000 p\u00edxeles en la dimensi\u00f3n larga del \u00e1rea de la imagen).<\/p>\n<p><strong>Patrocinio: <\/strong><\/p>\n<p>Graham Foundation for Advanced Studies in the Fine Arts; Center for Research Libraries Latin American Materials Project and Hampshire College, Amherst, MA (U.S.A.)<\/p>\n<p>&nbsp;<\/p>\n","protected":false},"excerpt":{"rendered":"<p>Historia arquitect\u00f3nica de La Habana: \u00a0Fundada en 1519 por Espa\u00f1a, La Habana colonial fue declarada patrimonio de la humanidad por la UNESCO en 1982. La ciudad alberga estilos arquitect\u00f3nicos atesorados durante casi cinco siglos que incluyen colonial, barroco, neocl\u00e1sico, art nouveau, art deco, ecl\u00e9ctico y modernista. A pesar de la riqueza historia de su arquitectura [&hellip;]<\/p>\n","protected":false},"author":619,"featured_media":0,"parent":74,"menu_order":0,"comment_status":"closed","ping_status":"open","template":"","meta":{"footnotes":""},"class_list":["post-210","page","type-page","status-publish","hentry"],"_links":{"self":[{"href":"https:\/\/sites.hampshire.edu\/hap\/wp-json\/wp\/v2\/pages\/210"}],"collection":[{"href":"https:\/\/sites.hampshire.edu\/hap\/wp-json\/wp\/v2\/pages"}],"about":[{"href":"https:\/\/sites.hampshire.edu\/hap\/wp-json\/wp\/v2\/types\/page"}],"author":[{"embeddable":true,"href":"https:\/\/sites.hampshire.edu\/hap\/wp-json\/wp\/v2\/users\/619"}],"replies":[{"embeddable":true,"href":"https:\/\/sites.hampshire.edu\/hap\/wp-json\/wp\/v2\/comments?post=210"}],"version-history":[{"count":5,"href":"https:\/\/sites.hampshire.edu\/hap\/wp-json\/wp\/v2\/pages\/210\/revisions"}],"predecessor-version":[{"id":639,"href":"https:\/\/sites.hampshire.edu\/hap\/wp-json\/wp\/v2\/pages\/210\/revisions\/639"}],"up":[{"embeddable":true,"href":"https:\/\/sites.hampshire.edu\/hap\/wp-json\/wp\/v2\/pages\/74"}],"wp:attachment":[{"href":"https:\/\/sites.hampshire.edu\/hap\/wp-json\/wp\/v2\/media?parent=210"}],"curies":[{"name":"wp","href":"https:\/\/api.w.org\/{rel}","templated":true}]}}