{"id":207,"date":"2013-06-03T16:30:06","date_gmt":"2013-06-03T16:30:06","guid":{"rendered":"http:\/\/sites.hampshire.edu\/hap\/?page_id=207"},"modified":"2020-02-12T17:54:41","modified_gmt":"2020-02-12T17:54:41","slug":"inicio","status":"publish","type":"page","link":"https:\/\/sites.hampshire.edu\/hap\/home\/inicio\/","title":{"rendered":"Inicio"},"content":{"rendered":"<p>HAP<a href=\"#_ftn1\" name=\"_ftnref1\">[1]<\/a> (Proyecto de Archivo de La Habana): un archivo fotogr\u00e1fico digital que documenta la rehabilitaci\u00f3n arquitect\u00f3nica del Centro Hist\u00f3rico de La Habana, Cuba.<\/p>\n<p>En el a\u00f1o 2001, Jacqueline Hayden, profesora de cine y fotograf\u00eda y un grupo de sus alumnos de Hampshire College, en Amherst, Massachusetts comenzaron a colaborar en el proyecto HAP con el Plan Maestro de la Oficina del Historiador de La Habana, Cuba. La primera fase del proyecto se complet\u00f3 en 2003 con la digitalizaci\u00f3n fotogr\u00e1fica del centro hist\u00f3rico, cuadra por cuadra, edificio por edificio para obtener una visi\u00f3n precisa de la ciudad a comienzos del siglo XXI.<\/p>\n<p><a href=\"#_ftnref1\" name=\"_ftn1\">[1]<\/a>Por sus siglas en ingl\u00e9s<\/p>\n<div>\n<hr align=\"left\" size=\"1\" width=\"33%\" \/>\n<div>\n<p><a title=\"\" href=\"#_ftnref1\">[1]<\/a> Por sus siglas en ingl\u00e9s<\/p>\n<div>\n<p style=\"text-align: left\"><a href=\"http:\/\/www.planmaestro.ohc.cu\/index.php\/noticias\/61-imagenes-del-patrimonio-y-la-restauracion-al-alcance-de-todos\">http:\/\/www.planmaestro.ohc.cu\/index.php<\/a><\/p>\n<p>&nbsp;<\/p>\n<h4 style=\"text-align: left\"><span style=\"color: #008000\">Este sitio web muestra el Proyecto del Archivo de La Habana (HAP). Su objetivo final es crear un archivo digital que permita acceder a los recursos disponibles.<\/span><\/h4>\n<p>&nbsp;<\/p>\n<p><a href=\"http:\/\/sites.hampshire.edu\/hap\/files\/2020\/02\/logobar1-scaled.jpg\"><img loading=\"lazy\" decoding=\"async\" class=\"alignnone size-full wp-image-659\" src=\"http:\/\/sites.hampshire.edu\/hap\/files\/2020\/02\/logobar1-scaled.jpg\" alt=\"\" width=\"2560\" height=\"473\" srcset=\"https:\/\/sites.hampshire.edu\/hap\/files\/2020\/02\/logobar1-scaled.jpg 2560w, https:\/\/sites.hampshire.edu\/hap\/files\/2020\/02\/logobar1-300x55.jpg 300w, https:\/\/sites.hampshire.edu\/hap\/files\/2020\/02\/logobar1-1024x189.jpg 1024w, https:\/\/sites.hampshire.edu\/hap\/files\/2020\/02\/logobar1-768x142.jpg 768w, https:\/\/sites.hampshire.edu\/hap\/files\/2020\/02\/logobar1-1536x284.jpg 1536w, https:\/\/sites.hampshire.edu\/hap\/files\/2020\/02\/logobar1-2048x378.jpg 2048w\" sizes=\"(max-width: 2560px) 100vw, 2560px\" \/><\/a><br \/>\n<strong>\u00a0All rights reserved \u00a9 COPYRIGHT 1994 &#8211; 2020, PLAN MAESTRO, Office of the Historian, Havana, Cuba<br \/>\n<\/strong><\/p>\n<\/div>\n<\/div>\n<\/div>\n","protected":false},"excerpt":{"rendered":"<p>HAP[1] (Proyecto de Archivo de La Habana): un archivo fotogr\u00e1fico digital que documenta la rehabilitaci\u00f3n arquitect\u00f3nica del Centro Hist\u00f3rico de La Habana, Cuba. En el a\u00f1o 2001, Jacqueline Hayden, profesora de cine y fotograf\u00eda y un grupo de sus alumnos de Hampshire College, en Amherst, Massachusetts comenzaron a colaborar en el proyecto HAP con el [&hellip;]<\/p>\n","protected":false},"author":619,"featured_media":0,"parent":147,"menu_order":0,"comment_status":"closed","ping_status":"open","template":"","meta":{"footnotes":""},"class_list":["post-207","page","type-page","status-publish","hentry"],"_links":{"self":[{"href":"https:\/\/sites.hampshire.edu\/hap\/wp-json\/wp\/v2\/pages\/207"}],"collection":[{"href":"https:\/\/sites.hampshire.edu\/hap\/wp-json\/wp\/v2\/pages"}],"about":[{"href":"https:\/\/sites.hampshire.edu\/hap\/wp-json\/wp\/v2\/types\/page"}],"author":[{"embeddable":true,"href":"https:\/\/sites.hampshire.edu\/hap\/wp-json\/wp\/v2\/users\/619"}],"replies":[{"embeddable":true,"href":"https:\/\/sites.hampshire.edu\/hap\/wp-json\/wp\/v2\/comments?post=207"}],"version-history":[{"count":20,"href":"https:\/\/sites.hampshire.edu\/hap\/wp-json\/wp\/v2\/pages\/207\/revisions"}],"predecessor-version":[{"id":661,"href":"https:\/\/sites.hampshire.edu\/hap\/wp-json\/wp\/v2\/pages\/207\/revisions\/661"}],"up":[{"embeddable":true,"href":"https:\/\/sites.hampshire.edu\/hap\/wp-json\/wp\/v2\/pages\/147"}],"wp:attachment":[{"href":"https:\/\/sites.hampshire.edu\/hap\/wp-json\/wp\/v2\/media?parent=207"}],"curies":[{"name":"wp","href":"https:\/\/api.w.org\/{rel}","templated":true}]}}