{"id":204,"date":"2013-06-03T16:28:24","date_gmt":"2013-06-03T16:28:24","guid":{"rendered":"http:\/\/sites.hampshire.edu\/hap\/?page_id=204"},"modified":"2020-01-28T13:40:19","modified_gmt":"2020-01-28T13:40:19","slug":"antecedentes-de-hap","status":"publish","type":"page","link":"https:\/\/sites.hampshire.edu\/hap\/antecedentes-de-hap\/","title":{"rendered":"Antecedentes de HAP"},"content":{"rendered":"<p>Eusebio Leal Spengler, historiador de la ciudad de La Habana y director de la Oficina del Historiador, fue comisionado por el Instituto Cubano de Geodesia y Cartograf\u00eda para realizar un estudio fotogr\u00e1fico de 1055 edificios emblem\u00e1ticos del Centro Hist\u00f3rico de la capital cubana en la d\u00e9cada de 1980. El archivo fotogr\u00e1fico de Geodesia y Cartograf\u00eda consta de 1055 edificaciones llevadas a 4722 negativos en cristal (fotogrametr\u00eda), y en pel\u00edcula en un formato de 5 x 7\u201d.<\/p>\n<p>En la primavera de 2012, con una ayuda financiera otorgada por la Fundaci\u00f3n Graham para el desarrollo de las Artes (<em>Graham Foundation for Advanced Studies in the Fine Arts<\/em>), comenzamos a digitalizar y catalogar el material disponible. Alina Gonz\u00e1lez Viera, especialista del Plan Maestro complet\u00f3 el trabajo de escaneo en mayo de 2014. Hemos descubierto aproximadamente 4722 im\u00e1genes fotogr\u00e1ficas positivas que contienen anotaciones ingenieras y arquitect\u00f3nicas que forman parte del archivo del material que necesita ser digitalizado.<\/p>\n<p>El <a href=\"http:\/\/www.planmaestro.ohc.cu\/index.php\/noticias\/61-imagenes-del-patrimonio-y-la-restauracion-al-alcance-de-todos\">Plan Maestro<\/a> atesora mapas hist\u00f3ricos, grabados, fotograf\u00edas antiguas, dibujos de dise\u00f1os, planos arquitect\u00f3nicos y postales antiguas que datan de 1576-1990 que est\u00e1n siendo digitalizados.<\/p>\n<p>&nbsp;<\/p>\n<p style=\"text-align: center\"><a href=\"http:\/\/sites.hampshire.edu\/hap\/files\/2020\/01\/map1.png\"><img loading=\"lazy\" decoding=\"async\" class=\"wp-image-601 aligncenter\" src=\"http:\/\/sites.hampshire.edu\/hap\/files\/2020\/01\/map1-300x186.png\" alt=\"\" width=\"372\" height=\"231\" srcset=\"https:\/\/sites.hampshire.edu\/hap\/files\/2020\/01\/map1-300x186.png 300w, https:\/\/sites.hampshire.edu\/hap\/files\/2020\/01\/map1-768x475.png 768w, https:\/\/sites.hampshire.edu\/hap\/files\/2020\/01\/map1.png 858w\" sizes=\"(max-width: 372px) 100vw, 372px\" \/><\/a><\/p>\n<p style=\"text-align: center\">\u00a0ZONA PRIORIZADA PARA LA CONSERVACI\u00d3N<\/p>\n<p>&nbsp;<\/p>\n<p style=\"text-align: center\"><a href=\"http:\/\/sites.hampshire.edu\/hap\/files\/2020\/01\/map2.png\"><img loading=\"lazy\" decoding=\"async\" class=\"wp-image-602 aligncenter\" src=\"http:\/\/sites.hampshire.edu\/hap\/files\/2020\/01\/map2-300x188.png\" alt=\"\" width=\"333\" height=\"209\" srcset=\"https:\/\/sites.hampshire.edu\/hap\/files\/2020\/01\/map2-300x188.png 300w, https:\/\/sites.hampshire.edu\/hap\/files\/2020\/01\/map2-768x482.png 768w, https:\/\/sites.hampshire.edu\/hap\/files\/2020\/01\/map2.png 849w\" sizes=\"(max-width: 333px) 100vw, 333px\" \/><\/a> L\u00cdMITE DE LA PROPIEDAD DEL PATRIMONIO MUNDIAL<\/p>\n<p style=\"text-align: center\"><a href=\"http:\/\/sites.hampshire.edu\/hap\/files\/2020\/01\/map3.png\"><img loading=\"lazy\" decoding=\"async\" class=\"wp-image-603 aligncenter\" src=\"http:\/\/sites.hampshire.edu\/hap\/files\/2020\/01\/map3-300x178.png\" alt=\"\" width=\"398\" height=\"236\" srcset=\"https:\/\/sites.hampshire.edu\/hap\/files\/2020\/01\/map3-300x178.png 300w, https:\/\/sites.hampshire.edu\/hap\/files\/2020\/01\/map3-768x457.png 768w, https:\/\/sites.hampshire.edu\/hap\/files\/2020\/01\/map3.png 893w\" sizes=\"(max-width: 398px) 100vw, 398px\" \/><\/a> LA HABANA VIEJA CENTRO HIST\u00d3RICO<\/p>\n","protected":false},"excerpt":{"rendered":"<p>Eusebio Leal Spengler, historiador de la ciudad de La Habana y director de la Oficina del Historiador, fue comisionado por el Instituto Cubano de Geodesia y Cartograf\u00eda para realizar un estudio fotogr\u00e1fico de 1055 edificios emblem\u00e1ticos del Centro Hist\u00f3rico de la capital cubana en la d\u00e9cada de 1980. El archivo fotogr\u00e1fico de Geodesia y Cartograf\u00eda [&hellip;]<\/p>\n","protected":false},"author":619,"featured_media":0,"parent":0,"menu_order":0,"comment_status":"closed","ping_status":"open","template":"","meta":{"footnotes":""},"class_list":["post-204","page","type-page","status-publish","hentry"],"_links":{"self":[{"href":"https:\/\/sites.hampshire.edu\/hap\/wp-json\/wp\/v2\/pages\/204"}],"collection":[{"href":"https:\/\/sites.hampshire.edu\/hap\/wp-json\/wp\/v2\/pages"}],"about":[{"href":"https:\/\/sites.hampshire.edu\/hap\/wp-json\/wp\/v2\/types\/page"}],"author":[{"embeddable":true,"href":"https:\/\/sites.hampshire.edu\/hap\/wp-json\/wp\/v2\/users\/619"}],"replies":[{"embeddable":true,"href":"https:\/\/sites.hampshire.edu\/hap\/wp-json\/wp\/v2\/comments?post=204"}],"version-history":[{"count":6,"href":"https:\/\/sites.hampshire.edu\/hap\/wp-json\/wp\/v2\/pages\/204\/revisions"}],"predecessor-version":[{"id":613,"href":"https:\/\/sites.hampshire.edu\/hap\/wp-json\/wp\/v2\/pages\/204\/revisions\/613"}],"wp:attachment":[{"href":"https:\/\/sites.hampshire.edu\/hap\/wp-json\/wp\/v2\/media?parent=204"}],"curies":[{"name":"wp","href":"https:\/\/api.w.org\/{rel}","templated":true}]}}